{"id":902,"date":"2019-11-25T15:49:27","date_gmt":"2019-11-25T15:49:27","guid":{"rendered":"https:\/\/intervalid.com\/?page_id=902"},"modified":"2026-01-13T13:01:33","modified_gmt":"2026-01-13T13:01:33","slug":"impressum","status":"publish","type":"page","link":"https:\/\/intervalid.com\/en\/impressum\/","title":{"rendered":"Imprint"},"content":{"rendered":"<div data-elementor-type=\"wp-page\" data-elementor-id=\"902\" class=\"elementor elementor-902\" data-elementor-post-type=\"page\">\n\t\t\t\t\t\t<section class=\"elementor-section elementor-top-section elementor-element elementor-element-f0d7093 elementor-section-boxed elementor-section-height-default elementor-section-height-default\" data-id=\"f0d7093\" data-element_type=\"section\" data-e-type=\"section\" data-settings=\"{&quot;background_background&quot;:&quot;classic&quot;,&quot;jet_parallax_layout_list&quot;:[]}\">\n\t\t\t\t\t\t<div class=\"elementor-container elementor-column-gap-no\">\n\t\t\t\t\t<div class=\"elementor-column elementor-col-100 elementor-top-column elementor-element elementor-element-fde5b6d\" data-id=\"fde5b6d\" data-element_type=\"column\" data-e-type=\"column\">\n\t\t\t<div class=\"elementor-widget-wrap elementor-element-populated\">\n\t\t\t\t\t\t<div class=\"elementor-element elementor-element-835ad31 elementor-widget elementor-widget-spacer\" data-id=\"835ad31\" data-element_type=\"widget\" data-e-type=\"widget\" data-widget_type=\"spacer.default\">\n\t\t\t\t<div class=\"elementor-widget-container\">\n\t\t\t\t\t\t\t<div class=\"elementor-spacer\">\n\t\t\t<div class=\"elementor-spacer-inner\"><\/div>\n\t\t<\/div>\n\t\t\t\t\t\t<\/div>\n\t\t\t\t<\/div>\n\t\t\t\t<div class=\"elementor-element elementor-element-fd0f4f0 elementor-widget elementor-widget-heading\" data-id=\"fd0f4f0\" data-element_type=\"widget\" data-e-type=\"widget\" data-widget_type=\"heading.default\">\n\t\t\t\t<div class=\"elementor-widget-container\">\n\t\t\t\t\t<h2 class=\"elementor-heading-title elementor-size-default\">Imprint<\/h2>\t\t\t\t<\/div>\n\t\t\t\t<\/div>\n\t\t\t\t<div class=\"elementor-element elementor-element-3c01f68 elementor-widget-divider--view-line elementor-widget elementor-widget-divider\" data-id=\"3c01f68\" data-element_type=\"widget\" data-e-type=\"widget\" data-widget_type=\"divider.default\">\n\t\t\t\t<div class=\"elementor-widget-container\">\n\t\t\t\t\t\t\t<div class=\"elementor-divider\">\n\t\t\t<span class=\"elementor-divider-separator\">\n\t\t\t\t\t\t<\/span>\n\t\t<\/div>\n\t\t\t\t\t\t<\/div>\n\t\t\t\t<\/div>\n\t\t\t\t<div class=\"elementor-element elementor-element-43f3650 elementor-widget elementor-widget-spacer\" data-id=\"43f3650\" data-element_type=\"widget\" data-e-type=\"widget\" data-widget_type=\"spacer.default\">\n\t\t\t\t<div class=\"elementor-widget-container\">\n\t\t\t\t\t\t\t<div class=\"elementor-spacer\">\n\t\t\t<div class=\"elementor-spacer-inner\"><\/div>\n\t\t<\/div>\n\t\t\t\t\t\t<\/div>\n\t\t\t\t<\/div>\n\t\t\t\t<section class=\"elementor-section elementor-inner-section elementor-element elementor-element-c69cf37 elementor-section-full_width elementor-section-height-default elementor-section-height-default\" data-id=\"c69cf37\" data-element_type=\"section\" data-e-type=\"section\" data-settings=\"{&quot;jet_parallax_layout_list&quot;:[]}\">\n\t\t\t\t\t\t<div class=\"elementor-container elementor-column-gap-no\">\n\t\t\t\t\t<div class=\"elementor-column elementor-col-100 elementor-inner-column elementor-element elementor-element-6d9a55d\" data-id=\"6d9a55d\" data-element_type=\"column\" data-e-type=\"column\">\n\t\t\t<div class=\"elementor-widget-wrap elementor-element-populated\">\n\t\t\t\t\t\t<div class=\"elementor-element elementor-element-2628aeb elementor-widget elementor-widget-text-editor\" data-id=\"2628aeb\" data-element_type=\"widget\" data-e-type=\"widget\" data-widget_type=\"text-editor.default\">\n\t\t\t\t<div class=\"elementor-widget-container\">\n\t\t\t\t\t\t\t\t\t<p class=\"adsimple-122832948\">Information about the service provider.<\/p><p>Intervalid GmbH<\/p><p class=\"adsimple-122832948\">Am Heumarkt 11\/1\/2,<br \/>1030 Vienna,<br \/>Austria<\/p><p><strong>Tel:<\/strong> +43 1 905 10 44<br \/><strong>Email:<\/strong> <a href=\"mailto:info@intervalid.com\">info@intervalid.com<\/a><\/p><p><strong>Company register number:<\/strong> FN 470426d<br \/><strong>Company Register Court:<\/strong> Vienna Commercial Court<br \/><strong>Company headquarters:<\/strong> 1030 Vienna<br \/><strong>Company purpose:<\/strong> Software development<br \/><strong>UID-Number:<\/strong> ATU72303358<br \/><strong>Member of:<\/strong> Member of the Vienna Chamber of Commerce, Professional Group for Business Consulting and Information Technology<br \/><strong>Professional regulations:<\/strong> www.ris.bka.gv.at<\/p><p><strong>Supervisory authority\/trade authority:<\/strong> Vienna District Administration<br \/><strong>Website:<\/strong> <a href=\"https:\/\/www.wien.gv.at\/mba\/mba.html\" target=\"_blank\" rel=\"noopener\">https:\/\/www.wien.gv.at\/mba\/mba.html<\/a><\/p><p><strong>Professional designation:<\/strong> Software development<br \/><strong>Country of award:<\/strong> Austria<\/p><p><strong>Chief Executive Officer:<\/strong> Benigna Prochaska, MSc<\/p><p><strong>Email of the data protection office:<\/strong> <a href=\"mailto:info@intervalid.com\">info@intervalid.com<\/a><br \/><strong>Tel:<\/strong> +43 1 905 10 44<br \/><strong>Impressum of the data protection office:<\/strong> <a href=\"https:\/\/intervalid.com\/en\/impressum\/\" target=\"_blank\" rel=\"noopener\">https:\/\/intervalid.com\/impressum\/<\/a><br \/><strong>Contact:<\/strong><br \/>Intervalid GmbH<br \/>Benigna Prochaska, MSc<br \/>Am Heumarkt 11\/1\/2 1030 Vienna<br \/>Austria<\/p><h2 id=\"eu-streitschlichtung\" class=\"adsimple-122832948 fusion-responsive-typography-calculated\" data-fontsize=\"24\" data-lineheight=\"36px\">EU Dispute Resolution<\/h2><p class=\"adsimple-122832948\">In accordance with the Regulation on Online Dispute Resolution in Consumer Matters (ODR Regulation), we would like to inform you about the Online Dispute Resolution Platform (OS Platform).<br \/>Consumers have the option to submit complaints to the European Commission's Online Dispute Resolution Platform at <a class=\"adsimple-122832948\" href=\"https:\/\/ec.europa.eu\/consumers\/odr\/main\/index.cfm?event=main.home2.show&amp;lng=DE\" target=\"_blank\" rel=\"follow noopener\">https:\/\/ec.europa.eu\/consumers\/odr\/main\/index.cfm?event=main.home2.show&amp;lng=DE<\/a> to do so. The necessary contact details can be found above in our legal notice Impressum.<\/p><p class=\"adsimple-122832948\">However, we would like to point out that we are neither willing nor obligated to participate in dispute resolution procedures before a consumer arbitration board.<\/p><h2 id=\"haftung-fur-inhalte-dieser-website\" class=\"adsimple-122832948 fusion-responsive-typography-calculated\" data-fontsize=\"24\" data-lineheight=\"36px\">Liability for the content of this website<\/h2><p class=\"adsimple-122832948\">We continuously develop the content of this website and strive to provide accurate and up-to-date information. However, we cannot assume liability for the correctness of all content on this website, especially for content provided by third parties. As a service provider, we are not obligated to monitor the information transmitted or stored by you or to investigate circumstances that indicate illegal activity.<\/p><p class=\"adsimple-122832948\">Our obligations to remove information or block the use of information in accordance with general laws due to judicial or regulatory orders remain unaffected, even in cases where we are not responsible.<\/p><p class=\"adsimple-122832948\">If you notice any problematic or illegal content, please contact us immediately so that we can remove the unlawful content. You can find our contact details in the legal notice Impressum.<\/p><h2 id=\"haftung-links-auf-dieser-website\" class=\"adsimple-122832948 fusion-responsive-typography-calculated\" data-fontsize=\"24\" data-lineheight=\"36px\">Liability for links on this website<\/h2><p class=\"adsimple-122832948\">Our website contains links to other websites for whose content we are not responsible. We assume no liability for linked websites, as we had and have no knowledge of any illegal activities, have not noticed any such legal violations so far, and will immediately remove any links if we become aware of any illegal content.<\/p><p class=\"adsimple-122832948\">If you notice any illegal links on our website, please contact us. You can find our contact details in the legal notice Impressum.<\/p><h2 id=\"urheberrechtshinweis\" class=\"adsimple-122832948 fusion-responsive-typography-calculated\" data-fontsize=\"24\" data-lineheight=\"36px\">Copyright notice<\/h2><p class=\"adsimple-122832948\">All content on this website (images, photos, texts, videos) is subject to copyright. Please contact us before distributing, reproducing, or utilizing the content of this website, for example, by republishing it on other websites. If necessary, we will take legal action against the unauthorized use of any part of our website's content.<\/p><p class=\"adsimple-122832948\">If you find any content on this website that violates copyright, please contact us.<\/p><h2 id=\"bildernachweis\" class=\"adsimple-122832948 fusion-responsive-typography-calculated\" data-fontsize=\"24\" data-lineheight=\"36px\">Image credit<\/h2><p class=\"adsimple-122832948\">The images, photos, and graphics on this website are protected by copyright.<\/p><p>Pictures: <a href=\"https:\/\/www.freepik.com\">\u00a0rawpixel.com, starline on Freepik.com;<\/a> <a href=\"https:\/\/pixabay.com\/de\/users\/geralt-9301\/?utm_source=link-attribution&amp;utm_medium=referral&amp;utm_campaign=image&amp;utm_content=7745893\">Gerd Altmann<\/a> on <a href=\"https:\/\/pixabay.com\/de\/\/?utm_source=link-attribution&amp;utm_medium=referral&amp;utm_campaign=image&amp;utm_content=7745893\">Pixabay<\/a><\/p><p>All texts are protected by copyright.<\/p><p>Source: Created with the <a title=\"Imprint Generator Austria by AdSimple\" href=\"https:\/\/www.adsimple.at\/impressum-generator\/\">Imprint Generator Austria<\/a> from AdSimple<\/p>\t\t\t\t\t\t\t\t<\/div>\n\t\t\t\t<\/div>\n\t\t\t\t<div class=\"elementor-element elementor-element-9ba45b1 elementor-widget elementor-widget-spacer\" data-id=\"9ba45b1\" data-element_type=\"widget\" data-e-type=\"widget\" data-widget_type=\"spacer.default\">\n\t\t\t\t<div class=\"elementor-widget-container\">\n\t\t\t\t\t\t\t<div class=\"elementor-spacer\">\n\t\t\t<div class=\"elementor-spacer-inner\"><\/div>\n\t\t<\/div>\n\t\t\t\t\t\t<\/div>\n\t\t\t\t<\/div>\n\t\t\t\t\t<\/div>\n\t\t<\/div>\n\t\t\t\t\t<\/div>\n\t\t<\/section>\n\t\t\t\t\t<\/div>\n\t\t<\/div>\n\t\t\t\t\t<\/div>\n\t\t<\/section>\n\t\t\t\t<\/div>","protected":false},"excerpt":{"rendered":"<p>Impressum Informationen \u00fcber den Diensteanbieter. Intervalid GmbH Am Heumarkt 11\/1\/2,1030 Wien,\u00d6sterreich Tel.: +43 1 905 10 44E-Mail: info@intervalid.com Firmenbuchnummer: FN 470426dFirmenbuchgericht: Handelsgericht WienFirmensitz: 1030 WienUnternehmensgegenstand: SoftwareentwicklungUID-Nummer: ATU72303358Mitglied bei: Mitglied der Wirtschaftskammer Wien, Fachgruppe Unternehmensberatung und InformationstechnologieBerufsrecht: www.ris.bka.gv.at Aufsichtsbeh\u00f6rde\/Gewerbebeh\u00f6rde: Bezirks\u00adhaupt\u00admann\u00adschaft WienWebseite: https:\/\/www.wien.gv.at\/mba\/mba.html Berufsbezeichnung: SoftwareentwicklungVerleihungsstaat: \u00d6sterreich Gesch\u00e4ftsf\u00fchrer: Benigna Prochaska, MSc E-Mail der Datenschutzstelle: info@intervalid.comTel.: +43 1 905 [&#8230;]<\/p>\n<p><a class=\"btn btn-secondary understrap-read-more-link\" href=\"https:\/\/intervalid.com\/en\/impressum\/\">Read More&#8230;<span class=\"screen-reader-text\"> from Impressum<\/span><\/a><\/p>\n","protected":false},"author":1,"featured_media":0,"parent":0,"menu_order":0,"comment_status":"closed","ping_status":"closed","template":"elementor_header_footer","meta":{"_seopress_robots_primary_cat":"","_seopress_titles_title":"","_seopress_titles_desc":"","_seopress_robots_index":"","footnotes":""},"class_list":["post-902","page","type-page","status-publish","hentry"],"_links":{"self":[{"href":"https:\/\/intervalid.com\/en\/wp-json\/wp\/v2\/pages\/902","targetHints":{"allow":["GET"]}}],"collection":[{"href":"https:\/\/intervalid.com\/en\/wp-json\/wp\/v2\/pages"}],"about":[{"href":"https:\/\/intervalid.com\/en\/wp-json\/wp\/v2\/types\/page"}],"author":[{"embeddable":true,"href":"https:\/\/intervalid.com\/en\/wp-json\/wp\/v2\/users\/1"}],"replies":[{"embeddable":true,"href":"https:\/\/intervalid.com\/en\/wp-json\/wp\/v2\/comments?post=902"}],"version-history":[{"count":32,"href":"https:\/\/intervalid.com\/en\/wp-json\/wp\/v2\/pages\/902\/revisions"}],"predecessor-version":[{"id":16320,"href":"https:\/\/intervalid.com\/en\/wp-json\/wp\/v2\/pages\/902\/revisions\/16320"}],"wp:attachment":[{"href":"https:\/\/intervalid.com\/en\/wp-json\/wp\/v2\/media?parent=902"}],"curies":[{"name":"wp","href":"https:\/\/api.w.org\/{rel}","templated":true}]}}